{"id":80,"date":"2023-07-26T19:26:47","date_gmt":"2023-07-26T19:26:47","guid":{"rendered":"https:\/\/tvmas.ec\/?page_id=80"},"modified":"2025-01-07T22:12:23","modified_gmt":"2025-01-07T22:12:23","slug":"tv-deportes","status":"publish","type":"page","link":"https:\/\/tvmas.ec\/?page_id=80","title":{"rendered":"TV+ Deportes"},"content":{"rendered":"\t\t<div data-elementor-type=\"wp-page\" data-elementor-id=\"80\" class=\"elementor elementor-80\">\n\t\t\t\t<div class=\"elementor-element elementor-element-1ebc4df e-flex e-con-boxed e-con e-parent\" data-id=\"1ebc4df\" data-element_type=\"container\" data-e-type=\"container\">\n\t\t\t\t\t<div class=\"e-con-inner\">\n\t\t\t\t<div class=\"elementor-element elementor-element-67640c1 elementor-widget elementor-widget-facebook-embed\" data-id=\"67640c1\" data-element_type=\"widget\" data-e-type=\"widget\" data-widget_type=\"facebook-embed.default\">\n\t\t\t\t<div class=\"elementor-widget-container\">\n\t\t\t\t\t \t\t\t\t<\/div>\n\t\t\t\t<\/div>\n\t\t\t\t\t<\/div>\n\t\t\t\t<\/div>\n\t\t<div class=\"elementor-element elementor-element-ea3ed6e e-flex e-con-boxed e-con e-parent\" data-id=\"ea3ed6e\" data-element_type=\"container\" data-e-type=\"container\">\n\t\t\t\t\t<div class=\"e-con-inner\">\n\t\t\t\t<div class=\"elementor-element elementor-element-35efc5f elementor-widget elementor-widget-facebook-button\" data-id=\"35efc5f\" data-element_type=\"widget\" data-e-type=\"widget\" data-widget_type=\"facebook-button.default\">\n\t\t\t\t<div class=\"elementor-widget-container\">\n\t\t\t\t\t \t\t\t\t<\/div>\n\t\t\t\t<\/div>\n\t\t\t\t\t<\/div>\n\t\t\t\t<\/div>\n\t\t<div class=\"elementor-element elementor-element-fc80d38 e-flex e-con-boxed e-con e-parent\" data-id=\"fc80d38\" data-element_type=\"container\" data-e-type=\"container\">\n\t\t\t\t\t<div class=\"e-con-inner\">\n\t\t\t\t<div class=\"elementor-element elementor-element-1a770cc elementor-widget elementor-widget-wp-widget-newsever_posts_slider\" data-id=\"1a770cc\" data-element_type=\"widget\" data-e-type=\"widget\" data-widget_type=\"wp-widget-newsever_posts_slider.default\">\n\t\t\t\t<div class=\"elementor-widget-container\">\n\t\t\t\t\t                        <div class=\"em-title-subtitle-wrap\">\n                                    <h4 class=\"widget-title header-after1\">\n                        <span class=\"header-after\">\n                            Posts Slider                            <\/span>\n                    <\/h4>\n                            <\/div>\n                                <div class=\"widget-block widget-wrapper\">\n            <div class=\"posts-slider banner-slider-2  af-post-slider af-widget-carousel slick-wrapper\">\n                                                <div class=\"slick-item\">\n                                <div class=\"big-grid \">\n                                    <div class=\"read-single pos-rel\">\n                                        <div class=\"read-img pos-rel read-bg-img\">\n                                            <a class=\"aft-slide-items\" href=\"https:\/\/tvmas.ec\/?p=851\">\n                                            <img fetchpriority=\"high\" decoding=\"async\" width=\"640\" height=\"481\" src=\"https:\/\/tvmas.ec\/wp-content\/uploads\/2025\/04\/494350811_1003177005270803_5537453573366087047_n-1024x769.jpg\" class=\"attachment-large size-large wp-post-image\" alt=\"\" srcset=\"https:\/\/tvmas.ec\/wp-content\/uploads\/2025\/04\/494350811_1003177005270803_5537453573366087047_n-1024x769.jpg 1024w, https:\/\/tvmas.ec\/wp-content\/uploads\/2025\/04\/494350811_1003177005270803_5537453573366087047_n-300x225.jpg 300w, https:\/\/tvmas.ec\/wp-content\/uploads\/2025\/04\/494350811_1003177005270803_5537453573366087047_n-768x577.jpg 768w, https:\/\/tvmas.ec\/wp-content\/uploads\/2025\/04\/494350811_1003177005270803_5537453573366087047_n.jpg 1170w\" sizes=\"(max-width: 640px) 100vw, 640px\" \/>                                            <\/a>\n                                            <div class=\"min-read-post-format\">\n                                                                                                <span class=\"min-read-item\">\n                                                                                            <\/span>\n                                            <\/div>\n                                        <\/div>\n                                        <div class=\"read-details\">\n                                            <div class=\"read-categories af-category-inside-img\">\n\n                                                <ul class=\"cat-links\"><li class=\"meta-category\">\n                             <a class=\"newsever-categories category-color-1\" href=\"https:\/\/tvmas.ec\/?cat=5\" alt=\"Ver todas las entradas en Noticias Principales\"> \n                                 Noticias Principales\n                             <\/a>\n                        <\/li><li class=\"meta-category\">\n                             <a class=\"newsever-categories category-color-1\" href=\"https:\/\/tvmas.ec\/?cat=3\" alt=\"Ver todas las entradas en Tendencias\"> \n                                 Tendencias\n                             <\/a>\n                        <\/li><\/ul>                                            <\/div>\n\n\n                                            <div class=\"read-title\">\n                                                <h4>\n                                                    <a href=\"https:\/\/tvmas.ec\/?p=851\">#URGENTE Paro Yantzaza contra la miner\u00eda ilegal #Yantzaza #paro<\/a>\n                                                <\/h4>\n                                            <\/div>\n\n                                            <div class=\"entry-meta\">\n                                                \n            <span class=\"author-links\">\n\n                            <span class=\"item-metadata posts-date\">\n                <i class=\"fa fa-clock-o\"><\/i>\n                    abril 30, 2025            <\/span>\n                            \n                    <span class=\"item-metadata posts-author byline\">\n                        <i class=\"fa fa-pencil-square-o\"><\/i>\n                                        <a href=\"https:\/\/tvmas.ec\/?author=1\">\n                    admin                <\/a>\n                           <\/span>\n                \n        <\/span>\n                                                    <\/div>\n                                        <\/div>\n                                    <\/div>\n                                <\/div>\n                            <\/div>\n                                                    <div class=\"slick-item\">\n                                <div class=\"big-grid \">\n                                    <div class=\"read-single pos-rel\">\n                                        <div class=\"read-img pos-rel read-bg-img\">\n                                            <a class=\"aft-slide-items\" href=\"https:\/\/tvmas.ec\/?p=819\">\n                                            <img decoding=\"async\" width=\"640\" height=\"480\" src=\"https:\/\/tvmas.ec\/wp-content\/uploads\/2025\/02\/fotos-2-1024x768.jpg\" class=\"attachment-large size-large wp-post-image\" alt=\"\" srcset=\"https:\/\/tvmas.ec\/wp-content\/uploads\/2025\/02\/fotos-2-1024x768.jpg 1024w, https:\/\/tvmas.ec\/wp-content\/uploads\/2025\/02\/fotos-2-300x225.jpg 300w, https:\/\/tvmas.ec\/wp-content\/uploads\/2025\/02\/fotos-2-768x576.jpg 768w, https:\/\/tvmas.ec\/wp-content\/uploads\/2025\/02\/fotos-2.jpg 1280w\" sizes=\"(max-width: 640px) 100vw, 640px\" \/>                                            <\/a>\n                                            <div class=\"min-read-post-format\">\n                                                                                                <span class=\"min-read-item\">\n                                                                                            <\/span>\n                                            <\/div>\n                                        <\/div>\n                                        <div class=\"read-details\">\n                                            <div class=\"read-categories af-category-inside-img\">\n\n                                                <ul class=\"cat-links\"><li class=\"meta-category\">\n                             <a class=\"newsever-categories category-color-1\" href=\"https:\/\/tvmas.ec\/?cat=3\" alt=\"Ver todas las entradas en Tendencias\"> \n                                 Tendencias\n                             <\/a>\n                        <\/li><\/ul>                                            <\/div>\n\n\n                                            <div class=\"read-title\">\n                                                <h4>\n                                                    <a href=\"https:\/\/tvmas.ec\/?p=819\">Ligas Deportivas Cantonales se benefician con recursos econ\u00f3micos para su funcionalidad<\/a>\n                                                <\/h4>\n                                            <\/div>\n\n                                            <div class=\"entry-meta\">\n                                                \n            <span class=\"author-links\">\n\n                            <span class=\"item-metadata posts-date\">\n                <i class=\"fa fa-clock-o\"><\/i>\n                    febrero 4, 2025            <\/span>\n                            \n                    <span class=\"item-metadata posts-author byline\">\n                        <i class=\"fa fa-pencil-square-o\"><\/i>\n                                        <a href=\"https:\/\/tvmas.ec\/?author=1\">\n                    admin                <\/a>\n                           <\/span>\n                \n        <\/span>\n                                                    <\/div>\n                                        <\/div>\n                                    <\/div>\n                                <\/div>\n                            <\/div>\n                                                    <div class=\"slick-item\">\n                                <div class=\"big-grid \">\n                                    <div class=\"read-single pos-rel\">\n                                        <div class=\"read-img pos-rel read-bg-img\">\n                                            <a class=\"aft-slide-items\" href=\"https:\/\/tvmas.ec\/?p=768\">\n                                            <img decoding=\"async\" width=\"640\" height=\"360\" src=\"https:\/\/tvmas.ec\/wp-content\/uploads\/2025\/01\/Juan-Jose-Herrera-1024x576.jpeg\" class=\"attachment-large size-large wp-post-image\" alt=\"\" srcset=\"https:\/\/tvmas.ec\/wp-content\/uploads\/2025\/01\/Juan-Jose-Herrera-1024x576.jpeg 1024w, https:\/\/tvmas.ec\/wp-content\/uploads\/2025\/01\/Juan-Jose-Herrera-300x169.jpeg 300w, https:\/\/tvmas.ec\/wp-content\/uploads\/2025\/01\/Juan-Jose-Herrera-768x432.jpeg 768w, https:\/\/tvmas.ec\/wp-content\/uploads\/2025\/01\/Juan-Jose-Herrera.jpeg 1280w\" sizes=\"(max-width: 640px) 100vw, 640px\" \/>                                            <\/a>\n                                            <div class=\"min-read-post-format\">\n                                                                                                <span class=\"min-read-item\">\n                                                                                            <\/span>\n                                            <\/div>\n                                        <\/div>\n                                        <div class=\"read-details\">\n                                            <div class=\"read-categories af-category-inside-img\">\n\n                                                <ul class=\"cat-links\"><li class=\"meta-category\">\n                             <a class=\"newsever-categories category-color-1\" href=\"https:\/\/tvmas.ec\/?cat=5\" alt=\"Ver todas las entradas en Noticias Principales\"> \n                                 Noticias Principales\n                             <\/a>\n                        <\/li><li class=\"meta-category\">\n                             <a class=\"newsever-categories category-color-1\" href=\"https:\/\/tvmas.ec\/?cat=3\" alt=\"Ver todas las entradas en Tendencias\"> \n                                 Tendencias\n                             <\/a>\n                        <\/li><\/ul>                                            <\/div>\n\n\n                                            <div class=\"read-title\">\n                                                <h4>\n                                                    <a href=\"https:\/\/tvmas.ec\/?p=768\">Lundin Gold es reconocida por la consolidaci\u00f3n de una s\u00f3lida reputaci\u00f3n gracias a sus programas de desarrollo y compromiso con los ODS<\/a>\n                                                <\/h4>\n                                            <\/div>\n\n                                            <div class=\"entry-meta\">\n                                                \n            <span class=\"author-links\">\n\n                            <span class=\"item-metadata posts-date\">\n                <i class=\"fa fa-clock-o\"><\/i>\n                    enero 15, 2025            <\/span>\n                            \n                    <span class=\"item-metadata posts-author byline\">\n                        <i class=\"fa fa-pencil-square-o\"><\/i>\n                                        <a href=\"https:\/\/tvmas.ec\/?author=1\">\n                    admin                <\/a>\n                           <\/span>\n                \n        <\/span>\n                                                    <\/div>\n                                        <\/div>\n                                    <\/div>\n                                <\/div>\n                            <\/div>\n                                                    <div class=\"slick-item\">\n                                <div class=\"big-grid \">\n                                    <div class=\"read-single pos-rel\">\n                                        <div class=\"read-img pos-rel read-bg-img\">\n                                            <a class=\"aft-slide-items\" href=\"https:\/\/tvmas.ec\/?p=618\">\n                                            <img loading=\"lazy\" decoding=\"async\" width=\"640\" height=\"426\" src=\"https:\/\/tvmas.ec\/wp-content\/uploads\/2025\/01\/WhatsApp-Image-2025-01-06-at-3.36.06-PM-1024x682.jpeg\" class=\"attachment-large size-large wp-post-image\" alt=\"\" srcset=\"https:\/\/tvmas.ec\/wp-content\/uploads\/2025\/01\/WhatsApp-Image-2025-01-06-at-3.36.06-PM-1024x682.jpeg 1024w, https:\/\/tvmas.ec\/wp-content\/uploads\/2025\/01\/WhatsApp-Image-2025-01-06-at-3.36.06-PM-300x200.jpeg 300w, https:\/\/tvmas.ec\/wp-content\/uploads\/2025\/01\/WhatsApp-Image-2025-01-06-at-3.36.06-PM-768x512.jpeg 768w, https:\/\/tvmas.ec\/wp-content\/uploads\/2025\/01\/WhatsApp-Image-2025-01-06-at-3.36.06-PM-1536x1023.jpeg 1536w, https:\/\/tvmas.ec\/wp-content\/uploads\/2025\/01\/WhatsApp-Image-2025-01-06-at-3.36.06-PM.jpeg 1600w\" sizes=\"(max-width: 640px) 100vw, 640px\" \/>                                            <\/a>\n                                            <div class=\"min-read-post-format\">\n                                                                                                <span class=\"min-read-item\">\n                                                                                            <\/span>\n                                            <\/div>\n                                        <\/div>\n                                        <div class=\"read-details\">\n                                            <div class=\"read-categories af-category-inside-img\">\n\n                                                <ul class=\"cat-links\"><li class=\"meta-category\">\n                             <a class=\"newsever-categories category-color-1\" href=\"https:\/\/tvmas.ec\/?cat=3\" alt=\"Ver todas las entradas en Tendencias\"> \n                                 Tendencias\n                             <\/a>\n                        <\/li><\/ul>                                            <\/div>\n\n\n                                            <div class=\"read-title\">\n                                                <h4>\n                                                    <a href=\"https:\/\/tvmas.ec\/?p=618\">En Zamora Chinchipe se instalar\u00e1 la segunda Mesa de Seguridad Electoral<\/a>\n                                                <\/h4>\n                                            <\/div>\n\n                                            <div class=\"entry-meta\">\n                                                \n            <span class=\"author-links\">\n\n                            <span class=\"item-metadata posts-date\">\n                <i class=\"fa fa-clock-o\"><\/i>\n                    enero 6, 2025            <\/span>\n                            \n                    <span class=\"item-metadata posts-author byline\">\n                        <i class=\"fa fa-pencil-square-o\"><\/i>\n                                        <a href=\"https:\/\/tvmas.ec\/?author=1\">\n                    admin                <\/a>\n                           <\/span>\n                \n        <\/span>\n                                                    <\/div>\n                                        <\/div>\n                                    <\/div>\n                                <\/div>\n                            <\/div>\n                                                    <div class=\"slick-item\">\n                                <div class=\"big-grid \">\n                                    <div class=\"read-single pos-rel\">\n                                        <div class=\"read-img pos-rel read-bg-img\">\n                                            <a class=\"aft-slide-items\" href=\"https:\/\/tvmas.ec\/?p=601\">\n                                            <img loading=\"lazy\" decoding=\"async\" width=\"640\" height=\"427\" src=\"https:\/\/tvmas.ec\/wp-content\/uploads\/2024\/12\/Reconocimiento-Buenas-practicas-1024x683.jpeg\" class=\"attachment-large size-large wp-post-image\" alt=\"\" srcset=\"https:\/\/tvmas.ec\/wp-content\/uploads\/2024\/12\/Reconocimiento-Buenas-practicas-1024x683.jpeg 1024w, https:\/\/tvmas.ec\/wp-content\/uploads\/2024\/12\/Reconocimiento-Buenas-practicas-300x200.jpeg 300w, https:\/\/tvmas.ec\/wp-content\/uploads\/2024\/12\/Reconocimiento-Buenas-practicas-768x512.jpeg 768w, https:\/\/tvmas.ec\/wp-content\/uploads\/2024\/12\/Reconocimiento-Buenas-practicas-1536x1024.jpeg 1536w, https:\/\/tvmas.ec\/wp-content\/uploads\/2024\/12\/Reconocimiento-Buenas-practicas-2048x1365.jpeg 2048w\" sizes=\"(max-width: 640px) 100vw, 640px\" \/>                                            <\/a>\n                                            <div class=\"min-read-post-format\">\n                                                                                                <span class=\"min-read-item\">\n                                                                                            <\/span>\n                                            <\/div>\n                                        <\/div>\n                                        <div class=\"read-details\">\n                                            <div class=\"read-categories af-category-inside-img\">\n\n                                                <ul class=\"cat-links\"><li class=\"meta-category\">\n                             <a class=\"newsever-categories category-color-1\" href=\"https:\/\/tvmas.ec\/?cat=3\" alt=\"Ver todas las entradas en Tendencias\"> \n                                 Tendencias\n                             <\/a>\n                        <\/li><\/ul>                                            <\/div>\n\n\n                                            <div class=\"read-title\">\n                                                <h4>\n                                                    <a href=\"https:\/\/tvmas.ec\/?p=601\">Lundin Gold y Fundaci\u00f3n Lundin recibieron reconocimiento por su compromiso con la equidad de g\u00e9nero<\/a>\n                                                <\/h4>\n                                            <\/div>\n\n                                            <div class=\"entry-meta\">\n                                                \n            <span class=\"author-links\">\n\n                            <span class=\"item-metadata posts-date\">\n                <i class=\"fa fa-clock-o\"><\/i>\n                    diciembre 10, 2024            <\/span>\n                            \n                    <span class=\"item-metadata posts-author byline\">\n                        <i class=\"fa fa-pencil-square-o\"><\/i>\n                                        <a href=\"https:\/\/tvmas.ec\/?author=1\">\n                    admin                <\/a>\n                           <\/span>\n                \n        <\/span>\n                                                    <\/div>\n                                        <\/div>\n                                    <\/div>\n                                <\/div>\n                            <\/div>\n                                    <\/div>\n            <\/div>\n\n            \t\t\t\t<\/div>\n\t\t\t\t<\/div>\n\t\t\t\t\t<\/div>\n\t\t\t\t<\/div>\n\t\t\t\t<\/div>\n\t\t","protected":false},"excerpt":{"rendered":"","protected":false},"author":1,"featured_media":0,"parent":0,"menu_order":0,"comment_status":"closed","ping_status":"closed","template":"","meta":{"footnotes":""},"class_list":["post-80","page","type-page","status-publish","hentry"],"_links":{"self":[{"href":"https:\/\/tvmas.ec\/index.php?rest_route=\/wp\/v2\/pages\/80","targetHints":{"allow":["GET"]}}],"collection":[{"href":"https:\/\/tvmas.ec\/index.php?rest_route=\/wp\/v2\/pages"}],"about":[{"href":"https:\/\/tvmas.ec\/index.php?rest_route=\/wp\/v2\/types\/page"}],"author":[{"embeddable":true,"href":"https:\/\/tvmas.ec\/index.php?rest_route=\/wp\/v2\/users\/1"}],"replies":[{"embeddable":true,"href":"https:\/\/tvmas.ec\/index.php?rest_route=%2Fwp%2Fv2%2Fcomments&post=80"}],"version-history":[{"count":47,"href":"https:\/\/tvmas.ec\/index.php?rest_route=\/wp\/v2\/pages\/80\/revisions"}],"predecessor-version":[{"id":730,"href":"https:\/\/tvmas.ec\/index.php?rest_route=\/wp\/v2\/pages\/80\/revisions\/730"}],"wp:attachment":[{"href":"https:\/\/tvmas.ec\/index.php?rest_route=%2Fwp%2Fv2%2Fmedia&parent=80"}],"curies":[{"name":"wp","href":"https:\/\/api.w.org\/{rel}","templated":true}]}}