{"id":325,"date":"2024-01-20T21:01:48","date_gmt":"2024-01-20T21:01:48","guid":{"rendered":"https:\/\/tvmas.ec\/?page_id=325"},"modified":"2024-07-23T15:42:23","modified_gmt":"2024-07-23T15:42:23","slug":"reportajes","status":"publish","type":"page","link":"https:\/\/tvmas.ec\/?page_id=325","title":{"rendered":"Reportajes"},"content":{"rendered":"\n<figure class=\"wp-block-embed is-type-video is-provider-youtube wp-block-embed-youtube wp-embed-aspect-16-9 wp-has-aspect-ratio\"><div class=\"wp-block-embed__wrapper\">\n<iframe title=\"MUJERES TRABAJAN EN LA CA\u00d1A DE AZ\u00daCAR #viral #agriculture #dulces #vida\" width=\"640\" height=\"360\" src=\"https:\/\/www.youtube.com\/embed\/TeTusLuwLYI?feature=oembed\" frameborder=\"0\" allow=\"accelerometer; autoplay; clipboard-write; encrypted-media; gyroscope; picture-in-picture; web-share\" referrerpolicy=\"strict-origin-when-cross-origin\" allowfullscreen><\/iframe>\n<\/div><figcaption class=\"wp-element-caption\">Mujeres amaz\u00f3nicas no solo preservan una tradici\u00f3n ancestral, sino que tambi\u00e9n generan sustento para sus familias a trav\u00e9s de su labor diaria en elaboraci\u00f3n de derivados de la ca\u00f1a. #viral #panela #viralvideos #agriculture #cocina #mujeres<\/figcaption><\/figure>\n\n\n\n<figure class=\"wp-block-embed is-type-video is-provider-youtube wp-block-embed-youtube wp-embed-aspect-16-9 wp-has-aspect-ratio\"><div class=\"wp-block-embed__wrapper\">\n<iframe title=\"Secretos del Cultivo de la Guan\u00e1bana: Un viaje a la finca.\" width=\"640\" height=\"360\" src=\"https:\/\/www.youtube.com\/embed\/GxxVmwO5k60?feature=oembed\" frameborder=\"0\" allow=\"accelerometer; autoplay; clipboard-write; encrypted-media; gyroscope; picture-in-picture; web-share\" referrerpolicy=\"strict-origin-when-cross-origin\" allowfullscreen><\/iframe>\n<\/div><figcaption class=\"wp-element-caption\">Cultivo de Guan\u00e1bana en la Finca Annona<\/figcaption><\/figure>\n\n\n\n<figure class=\"wp-block-embed is-type-video is-provider-youtube wp-block-embed-youtube wp-embed-aspect-16-9 wp-has-aspect-ratio\"><div class=\"wp-block-embed__wrapper\">\n<iframe title=\"INCREIBLE | C\u00f3mo se cultiva la RANAS\" width=\"640\" height=\"360\" src=\"https:\/\/www.youtube.com\/embed\/x9EE-SR2RKg?start=32&#038;feature=oembed\" frameborder=\"0\" allow=\"accelerometer; autoplay; clipboard-write; encrypted-media; gyroscope; picture-in-picture; web-share\" referrerpolicy=\"strict-origin-when-cross-origin\" allowfullscreen><\/iframe>\n<\/div><figcaption class=\"wp-element-caption\">INCREIBLE | C\u00f3mo se cultiva la RANAS<br>Este ranario se ha destacado como un referente en la cr\u00eda sostenible de ranas, convirti\u00e9ndose en un orgullo local y un importante actor en la industria exportadora de carne de rana.<\/figcaption><\/figure>\n\n\n\n<p><a href=\"https:\/\/www.youtube.com\/hashtag\/larutadehoy\">#LaRutaDeHoy<\/a> nos lleva al Cultivo de Guan\u00e1bana en la Finca Annona, ubicada en El Pangui. \ud83c\udf48\ud83c\udf31 Es una experiencia \u00fanica conocer de cerca el proceso de cultivo de esta deliciosa fruta, la guan\u00e1bana. Desde su cuidadosa siembra hasta la cosecha, cada paso nos acerca m\u00e1s a la naturaleza y nos ense\u00f1a la importancia de valorar lo que tenemos.<\/p>\n\n\n\n<figure class=\"wp-block-embed is-type-video is-provider-youtube wp-block-embed-youtube wp-embed-aspect-16-9 wp-has-aspect-ratio\"><div class=\"wp-block-embed__wrapper\">\n<iframe title=\"EXPLORANDO LA MARAVILLA VERDE | El Jard\u00edn Bot\u00e1nico en  la Amazonia\" width=\"640\" height=\"360\" src=\"https:\/\/www.youtube.com\/embed\/NNwOi9g-GAY?feature=oembed\" frameborder=\"0\" allow=\"accelerometer; autoplay; clipboard-write; encrypted-media; gyroscope; picture-in-picture; web-share\" referrerpolicy=\"strict-origin-when-cross-origin\" allowfullscreen><\/iframe>\n<\/div><figcaption class=\"wp-element-caption\">EXPLORANDO LA MARAVILLA VERDE | El Jard\u00edn Bot\u00e1nico en la Amazonia<\/figcaption><\/figure>\n\n\n\n<p>Conozcamos su rica historia y la misi\u00f3n que impulsa al Jard\u00edn Bot\u00e1nico de la Universidad Nacional de Loja en la estaci\u00f3n experimental El Padmi, para ser m\u00e1s que un simple espacio verde.<\/p>\n\n\n\n<figure class=\"wp-block-embed is-type-video is-provider-youtube wp-block-embed-youtube wp-embed-aspect-16-9 wp-has-aspect-ratio\"><div class=\"wp-block-embed__wrapper\">\n<iframe title=\"Descubre el incre\u00edble mundo de las abejas y la miel\" width=\"640\" height=\"360\" src=\"https:\/\/www.youtube.com\/embed\/_gsA2f5vd2I?feature=oembed\" frameborder=\"0\" allow=\"accelerometer; autoplay; clipboard-write; encrypted-media; gyroscope; picture-in-picture; web-share\" referrerpolicy=\"strict-origin-when-cross-origin\" allowfullscreen><\/iframe>\n<\/div><figcaption class=\"wp-element-caption\">Abejas y Miel: Un Mundo de Zumbidos en un Apiario.&nbsp;<a href=\"https:\/\/www.youtube.com\/hashtag\/viral\">#viral<\/a>&nbsp;<a href=\"https:\/\/www.youtube.com\/hashtag\/viralvideo\">#viralvideo<\/a>&nbsp;<a href=\"https:\/\/www.youtube.com\/hashtag\/abejas\">#abejas<\/a><\/figcaption><\/figure>\n\n\n\n<p>Aprendamos sobre la apicultura, donde la naturaleza y el ingenio humano se unen para crear uno de los productos m\u00e1s dulces y nutritivos: la miel.<\/p>\n","protected":false},"excerpt":{"rendered":"<p>#LaRutaDeHoy nos lleva al Cultivo de Guan\u00e1bana en la Finca Annona, ubicada en El Pangui&#8230;.<\/p>\n","protected":false},"author":1,"featured_media":0,"parent":0,"menu_order":0,"comment_status":"closed","ping_status":"closed","template":"","meta":{"footnotes":""},"class_list":["post-325","page","type-page","status-publish","hentry"],"_links":{"self":[{"href":"https:\/\/tvmas.ec\/index.php?rest_route=\/wp\/v2\/pages\/325","targetHints":{"allow":["GET"]}}],"collection":[{"href":"https:\/\/tvmas.ec\/index.php?rest_route=\/wp\/v2\/pages"}],"about":[{"href":"https:\/\/tvmas.ec\/index.php?rest_route=\/wp\/v2\/types\/page"}],"author":[{"embeddable":true,"href":"https:\/\/tvmas.ec\/index.php?rest_route=\/wp\/v2\/users\/1"}],"replies":[{"embeddable":true,"href":"https:\/\/tvmas.ec\/index.php?rest_route=%2Fwp%2Fv2%2Fcomments&post=325"}],"version-history":[{"count":6,"href":"https:\/\/tvmas.ec\/index.php?rest_route=\/wp\/v2\/pages\/325\/revisions"}],"predecessor-version":[{"id":540,"href":"https:\/\/tvmas.ec\/index.php?rest_route=\/wp\/v2\/pages\/325\/revisions\/540"}],"wp:attachment":[{"href":"https:\/\/tvmas.ec\/index.php?rest_route=%2Fwp%2Fv2%2Fmedia&parent=325"}],"curies":[{"name":"wp","href":"https:\/\/api.w.org\/{rel}","templated":true}]}}